{"id":10413,"date":"2024-02-17T11:39:59","date_gmt":"2024-02-17T10:39:59","guid":{"rendered":"https:\/\/laotrabelleza.com\/?page_id=10413"},"modified":"2024-02-17T11:48:44","modified_gmt":"2024-02-17T10:48:44","slug":"politica-privacidad","status":"publish","type":"page","link":"https:\/\/laotrabelleza.com\/index.php\/politica-privacidad\/","title":{"rendered":"Pol\u00edtica privacidad"},"content":{"rendered":"\t\t<div data-elementor-type=\"wp-page\" data-elementor-id=\"10413\" class=\"elementor elementor-10413\" wpc-filter-elementor-widget=\"1\">\n\t\t\t\t\t\t<section class=\"elementor-section elementor-top-section elementor-element elementor-element-cb8a580 elementor-section-boxed elementor-section-height-default elementor-section-height-default qodef-elementor-content-no\" data-id=\"cb8a580\" data-element_type=\"section\">\n\t\t\t\t\t\t<div class=\"elementor-container elementor-column-gap-default\">\n\t\t\t\t\t<div class=\"elementor-column elementor-col-100 elementor-top-column elementor-element elementor-element-df69dc3\" data-id=\"df69dc3\" data-element_type=\"column\">\n\t\t\t<div class=\"elementor-widget-wrap elementor-element-populated\">\n\t\t\t\t\t\t<div class=\"elementor-element elementor-element-939c346 elementor-widget elementor-widget-heading\" data-id=\"939c346\" data-element_type=\"widget\" data-widget_type=\"heading.default\">\n\t\t\t\t<div class=\"elementor-widget-container\">\n\t\t\t\t\t<h4 class=\"elementor-heading-title elementor-size-default\">POL\u00cdTICA DE PRIVACIDAD Y PROTECCI\u00d3N DE DATOS<\/h4>\t\t\t\t<\/div>\n\t\t\t\t<\/div>\n\t\t\t\t\t<\/div>\n\t\t<\/div>\n\t\t\t\t\t<\/div>\n\t\t<\/section>\n\t\t\t\t<section class=\"elementor-section elementor-top-section elementor-element elementor-element-a5d6849 elementor-section-boxed elementor-section-height-default elementor-section-height-default qodef-elementor-content-no\" data-id=\"a5d6849\" data-element_type=\"section\">\n\t\t\t\t\t\t<div class=\"elementor-container elementor-column-gap-default\">\n\t\t\t\t\t<div class=\"elementor-column elementor-col-100 elementor-top-column elementor-element elementor-element-dd723bd\" data-id=\"dd723bd\" data-element_type=\"column\">\n\t\t\t<div class=\"elementor-widget-wrap\">\n\t\t\t\t\t\t\t<\/div>\n\t\t<\/div>\n\t\t\t\t\t<\/div>\n\t\t<\/section>\n\t\t\t\t<section class=\"elementor-section elementor-top-section elementor-element elementor-element-e3f5b6b elementor-section-boxed elementor-section-height-default elementor-section-height-default qodef-elementor-content-no\" data-id=\"e3f5b6b\" data-element_type=\"section\">\n\t\t\t\t\t\t<div class=\"elementor-container elementor-column-gap-default\">\n\t\t\t\t\t<div class=\"elementor-column elementor-col-100 elementor-top-column elementor-element elementor-element-d6578f2\" data-id=\"d6578f2\" data-element_type=\"column\">\n\t\t\t<div class=\"elementor-widget-wrap elementor-element-populated\">\n\t\t\t\t\t\t<div class=\"elementor-element elementor-element-4f8a643 elementor-widget elementor-widget-text-editor\" data-id=\"4f8a643\" data-element_type=\"widget\" data-widget_type=\"text-editor.default\">\n\t\t\t\t<div class=\"elementor-widget-container\">\n\t\t\t\t\t\t\t\t\t<h6><strong>GENERAL<\/strong><\/h6>\n<p style=\"text-align: justify;\">A los efectos de lo previsto en el Reglamento Europeo de Protecci\u00f3n de Datos UE 2016\/679, de 27 de Abril, del Parlamento y el Consejo, en la Ley 3\/2018, de 5 de Diciembre, de Protecci\u00f3n de Datos y Garant\u00eda de los Derechos Digitales y resto de la normativa nacional vigente, <strong>ALBA MORO SAURA<\/strong>, le informa que cumple \u00edntegramente con la legislaci\u00f3n vigente en materia de protecci\u00f3n de datos de car\u00e1cter personal, y con los compromisos de confidencialidad propios de su actividad.<br \/><strong>ALBA MORO SAURA<\/strong> pone en su conocimiento la existencia de un sistema de tratamiento de la informaci\u00f3n, titularidad de <strong>ALBA MORO SAURA<\/strong>, para las finalidades propias de gesti\u00f3n, comunicaci\u00f3n e informaci\u00f3n. El citado sistema se encuentra descrito en el correspondiente Registro de Actividades de Tratamiento del RT.<\/p>\n<h6><strong>MEDIDAS Y NIVELES DE SEGURIDAD<\/strong><\/h6>\n<p><strong>ALBA MORO SAURA<\/strong> ha adoptado las medidas necesarias para garantizar la seguridad de la informaci\u00f3n, tal y como exige el art. 32 del RGPD, seg\u00fan la naturaleza de los datos personales tratados y las circunstancias del tratamiento, con el objeto de evitar, en la medida de lo posible y siempre seg\u00fan el estado de la t\u00e9cnica, su alteraci\u00f3n, p\u00e9rdida, tratamiento o acceso no autorizado, garantizando con ello la confidencialidad, integridad y disponibilidad de los mismos.<\/p>\n<h6><strong>\u00c1MBITO DE APLICACI\u00d3N<\/strong><\/h6>\n<p>Las medidas de seguridad que <strong>ALBA MORO SAURA<\/strong> tenga descritas en el Registro de Actividades de Tratamiento ser\u00e1n aplicadas al conjunto de activos del sistema de tratamiento de la informaci\u00f3n en el que se traten los datos de car\u00e1cter personal, con el objeto de dar cumplimiento a la legislaci\u00f3n vigente en materia de protecci\u00f3n de datos.<\/p>\n<p>Todo el personal contratado por <strong>ALBA MORO SAURA<\/strong> y sus Encargados de Tratamiento, est\u00e1n obligados al cumplimiento de la citada normativa, con especial atenci\u00f3n en lo relativo a sus funciones y obligaciones, incluido el deber de secreto que ser\u00e1n debidamente determinadas por <strong>ALBA MORO SAURA<\/strong>.<\/p>\n<h6><strong>RECOGIDA DE DATOS<\/strong><\/h6>\n<p>La aceptaci\u00f3n de las presentes condiciones, precisa del usuario la recogida de unos datos imprescindibles para la prestaci\u00f3n de sus servicios, que le ser\u00e1n solicitados personalmente a trav\u00e9s de formularios o de la p\u00e1gina Web. En el momento de la recogida de los datos, el usuario ser\u00e1 debidamente informado de los derechos que le asisten.<\/p>\n<p>Para que la informaci\u00f3n que contiene nuestro sistema de tratamiento est\u00e9 siempre actualizada y no contenga errores, pedimos a nuestros clientes y usuarios que nos comuniquen, a la mayor brevedad posible, las modificaciones y rectificaciones de sus datos de car\u00e1cter personal.<\/p>\n<h6><strong>EJERCICIO DE DERECHOS<\/strong><\/h6>\n<p>Para ejercitar los Derechos de acceso, impugnaci\u00f3n, rectificaci\u00f3n, cancelaci\u00f3n, supresi\u00f3n u oposici\u00f3n, portabilidad, limitaci\u00f3n del tratamiento, deber\u00e1n dirigirse a <strong>ALBA MORO SAURA<\/strong>, con domicilio en <strong>C\/. SERRANOS N\u00ba 13-19 , 37008 SALAMANCA SALAMANCA ESPA\u00d1A<\/strong>, mediante comunicaci\u00f3n por escrito o mediante correo electr\u00f3nico a la direcci\u00f3n <strong>alma@laotrabelleza.com<\/strong>. Tambi\u00e9n puede presentar reclamaci\u00f3n ante la AEPD.<\/p>\n<h6><strong>CONSENTIMIENTO<\/strong><\/h6>\n<p>El usuario prestar\u00e1 su consentimiento para que <strong>ALBA MORO SAURA<\/strong> pueda hacer uso de sus datos personales a fin de prestar un correcto cumplimiento de los servicios contratados.<\/p>\n<h6><strong>CESI\u00d3N A TERCEROS<\/strong><\/h6>\n<p><strong>ALBA MORO SAURA<\/strong> no cede datos de car\u00e1cter personal sin el consentimiento expreso de sus \u00a0titulares, \u00a0que\u00a0 deber\u00e1 \u00a0ser \u00a0concedido\u00a0 en \u00a0cada\u00a0 ocasi\u00f3n, \u00a0siendo \u00a0s\u00f3lo\u00a0 cedidos \u00a0con \u00a0la finalidad expresada y siempre con el consentimiento del usuario o cliente.<\/p>\n<h6><strong>CONFIDENCIALIDAD Y SECRETO PROFESIONAL<\/strong><\/h6>\n<p>Los datos recogidos en todas las comunicaciones privadas entre <strong>ALBA MORO SAURA<\/strong> y los clientes o usuarios ser\u00e1n tratados con absoluta confidencialidad, comprometi\u00e9ndose <strong>ALBA MORO SAURA<\/strong> a la obligaci\u00f3n de secreto de los datos de car\u00e1cter personal, a su deber de guardarlos y adoptar todas \u00a0las \u00a0medidas \u00a0necesarias \u00a0que\u00a0 eviten\u00a0 su\u00a0 alteraci\u00f3n,\u00a0 p\u00e9rdida\u00a0 y tratamiento o acceso no autorizado, de acuerdo con lo establecido en la normativa vigente.<\/p>\n<p>Adem\u00e1s, tambi\u00e9n tendr\u00e1 la condici\u00f3n de confidencial la informaci\u00f3n de cualquier tipo que las partes intercambien entre s\u00ed, aquella que estas acuerden que tiene tal naturaleza, o la que simplemente verse sobre el contenido de dicha informaci\u00f3n. La visualizaci\u00f3n de datos a trav\u00e9s \u00a0de \u00a0Internet, \u00a0no\u00a0 supondr\u00e1 \u00a0el \u00a0acceso\u00a0 directo \u00a0a \u00a0los \u00a0mismos, \u00a0salvo \u00a0consentimiento expreso de su titular para cada ocasi\u00f3n.<\/p>\n<p>Recomendamos al cliente que no facilite a tercero alguno su identificaci\u00f3n, contrase\u00f1a o n\u00fameros de referencia que <strong>ALBA MORO SAURA<\/strong>\u00a0 pudiera proporcionarle. Asimismo, para garantizar que la protecci\u00f3n del secreto profesional entre <strong>ALBA MORO SAURA<\/strong> y el cliente se preserve en todas las comunicaciones, el cliente\/usuario no debe revelar la informaci\u00f3n confidencial a terceros.<\/p>\n<h6><strong>CAMBIOS EN LA POL\u00cdTICA DE SEGURIDAD Y DE \u00a0PROTECCI\u00d3N DE DATOS<\/strong><\/h6>\n<p><strong>ALBA MORO SAURA<\/strong> se reserva el derecho de modificar su pol\u00edtica de seguridad y protecci\u00f3n de datos con el objeto de adaptarlo a las novedades legislativas o jurisprudenciales, as\u00ed como las que pudieran\u00a0 derivarse de c\u00f3digos tipo existentes en\u00a0 la materia, o por decisiones corporativas estrat\u00e9gicas, con efectos de la fecha de publicaci\u00f3n de dicha modificaci\u00f3n en la p\u00e1gina Web de <strong>ALBA MORO SAURA<\/strong>.<\/p>\n<p>La cumplimentaci\u00f3n del formulario incluido en el sitio o el env\u00edo de correos electr\u00f3nicos u otras \u00a0comunicaciones \u00a0a \u00a0<strong>ALBA \u00a0MORO \u00a0SAURA<\/strong>, implica \u00a0el \u00a0consentimiento \u00a0expreso \u00a0del usuario \u00a0a \u00a0la \u00a0inclusi\u00f3n \u00a0de \u00a0sus datos \u00a0de \u00a0car\u00e1cter \u00a0personal \u00a0en \u00a0el \u00a0referido \u00a0sistema \u00a0de tratamiento, titularidad de <strong>ALBA MORO SAURA<\/strong>.<\/p>\n<p>Al tiempo de la petici\u00f3n de esta informaci\u00f3n, se comunicar\u00e1 al cliente o usuario del destinatario de la\u00a0 informaci\u00f3n, de la\u00a0 finalidad para la\u00a0 cual se recogen\u00a0 los datos, de\u00a0 la identidad y direcci\u00f3n de <strong>ALBA MORO SAURA<\/strong> y de la facultad del usuario de ejercitar los derechos de acceso, impugnaci\u00f3n, rectificaci\u00f3n, cancelaci\u00f3n, supresi\u00f3n u oposici\u00f3n, portabilidad, limitaci\u00f3n del tratamiento y a presentar reclamaci\u00f3n ante la AEPD.<\/p>\n<h6><strong>DIRECCI\u00d3N DE CONTACTO<\/strong><\/h6>\n<p>El sitio Web <strong>https:\/\/laotrabelleza.com<\/strong> es gestionado por <strong>ALBA MORO SAURA<\/strong>, con CIF <strong>70897183M<\/strong>.<\/p>\n<p>El sistema de tratamiento de la informaci\u00f3n creado, est\u00e1 ubicado en el domicilio social, el cual queda establecido a los efectos del presente Aviso Legal, en <strong>ALBA MORO SAURA, C\/. SERRANOS N\u00ba 13-19, 37008 SALAMANCA SALAMANCA ESPA\u00d1A<\/strong>; bajo la supervisi\u00f3n y control de ALBA MORO SAURA, quien asume la responsabilidad en la adopci\u00f3n de medidas de seguridad de \u00edndole t\u00e9cnica y organizativa para proteger la confidencialidad e integridad de la informaci\u00f3n, de acuerdo con lo establecido en el Reglamento Europeo de Protecci\u00f3n de Datos UE 2016\/679, de 27 de Abril, del Parlamento y el Consejo; la Ley Org\u00e1nica 3\/2018, de 5 de Diciembre, de Protecci\u00f3n de Datos y Garant\u00eda de los Derechos Digitales y resto de la normativa nacional vigente y dem\u00e1s legislaci\u00f3n aplicable.<\/p>\n<p><strong>ALBA MORO \u00a0SAURA<\/strong> \u00a0 a\u00a0 tenor \u00a0de\u00a0 la \u00a0Ley \u00a034\/2002,\u00a0 de \u00a0Servicios \u00a0de \u00a0la\u00a0 Sociedad \u00a0de \u00a0la Informaci\u00f3n y del Comercio Electr\u00f3nico, les comunica que la acepci\u00f3n amplia de dicha Ley, engloba entre estos servicios el suministro de informaci\u00f3n por dicho medio. En todo caso, ser\u00e1 de aplicaci\u00f3n a este respecto, el Reglamento Europeo de Protecci\u00f3n de Datos UE 2016\/679, de 27 de Abril del Parlamento y el Consejo; la Ley Org\u00e1nica 3\/2018, de 5 de Diciembre, de\u00a0 Protecci\u00f3n de\u00a0 Datos y Garant\u00eda\u00a0 de los \u00a0Derechos Digitales \u00a0y resto\u00a0 de\u00a0 la normativa nacional vigente y su normativa de desarrollo, en especial, en lo que se refiere a la obtenci\u00f3n \u00a0de \u00a0datos\u00a0 \u00a0personales, \u00a0la\u00a0\u00a0 informaci\u00f3n \u00a0a \u00a0los\u00a0 \u00a0interesados \u00a0y \u00a0la \u00a0creaci\u00f3n\u00a0\u00a0 y mantenimiento de tratamientos de datos personales.<\/p>\t\t\t\t\t\t\t\t<\/div>\n\t\t\t\t<\/div>\n\t\t\t\t\t<\/div>\n\t\t<\/div>\n\t\t\t\t\t<\/div>\n\t\t<\/section>\n\t\t\t\t<\/div>\n\t\t","protected":false},"excerpt":{"rendered":"<p>POL\u00cdTICA DE PRIVACIDAD Y PROTECCI\u00d3N DE DATOS GENERAL A los efectos de lo previsto en el Reglamento Europeo de Protecci\u00f3n de Datos UE 2016\/679, de 27 de Abril, del Parlamento y el Consejo, en la Ley 3\/2018, de 5 de Diciembre, de Protecci\u00f3n de Datos y Garant\u00eda de los Derechos Digitales y resto de la [&hellip;]<\/p>\n","protected":false},"author":1,"featured_media":0,"parent":0,"menu_order":0,"comment_status":"closed","ping_status":"closed","template":"","meta":{"inline_featured_image":false,"footnotes":""},"_links":{"self":[{"href":"https:\/\/laotrabelleza.com\/index.php\/wp-json\/wp\/v2\/pages\/10413"}],"collection":[{"href":"https:\/\/laotrabelleza.com\/index.php\/wp-json\/wp\/v2\/pages"}],"about":[{"href":"https:\/\/laotrabelleza.com\/index.php\/wp-json\/wp\/v2\/types\/page"}],"author":[{"embeddable":true,"href":"https:\/\/laotrabelleza.com\/index.php\/wp-json\/wp\/v2\/users\/1"}],"replies":[{"embeddable":true,"href":"https:\/\/laotrabelleza.com\/index.php\/wp-json\/wp\/v2\/comments?post=10413"}],"version-history":[{"count":3,"href":"https:\/\/laotrabelleza.com\/index.php\/wp-json\/wp\/v2\/pages\/10413\/revisions"}],"predecessor-version":[{"id":10418,"href":"https:\/\/laotrabelleza.com\/index.php\/wp-json\/wp\/v2\/pages\/10413\/revisions\/10418"}],"wp:attachment":[{"href":"https:\/\/laotrabelleza.com\/index.php\/wp-json\/wp\/v2\/media?parent=10413"}],"curies":[{"name":"wp","href":"https:\/\/api.w.org\/{rel}","templated":true}]}}