{"id":34,"date":"2023-08-23T18:47:37","date_gmt":"2023-08-23T18:47:37","guid":{"rendered":"https:\/\/laotrabelleza.com\/?page_id=34"},"modified":"2024-02-17T12:59:34","modified_gmt":"2024-02-17T11:59:34","slug":"cuidado-facial","status":"publish","type":"page","link":"https:\/\/laotrabelleza.com\/index.php\/cuidado-facial\/","title":{"rendered":"Esenciales"},"content":{"rendered":"\t\t<div data-elementor-type=\"wp-page\" data-elementor-id=\"34\" class=\"elementor elementor-34\" wpc-filter-elementor-widget=\"1\">\n\t\t\t\t\t\t<section class=\"elementor-section elementor-top-section elementor-element elementor-element-c1a67e3 elementor-section-boxed elementor-section-height-default elementor-section-height-default qodef-elementor-content-no\" data-id=\"c1a67e3\" data-element_type=\"section\">\n\t\t\t\t\t\t<div class=\"elementor-container elementor-column-gap-default\">\n\t\t\t\t\t<div class=\"elementor-column elementor-col-100 elementor-top-column elementor-element elementor-element-d8e8caf\" data-id=\"d8e8caf\" data-element_type=\"column\">\n\t\t\t<div class=\"elementor-widget-wrap elementor-element-populated\">\n\t\t\t\t\t\t<div class=\"elementor-element elementor-element-7d6af01 elementor-widget elementor-widget-heading\" data-id=\"7d6af01\" data-element_type=\"widget\" data-widget_type=\"heading.default\">\n\t\t\t\t<div class=\"elementor-widget-container\">\n\t\t\t\t\t<h2 class=\"elementor-heading-title elementor-size-default\">TRATAMIENTOS ESENCIALES<\/h2>\t\t\t\t<\/div>\n\t\t\t\t<\/div>\n\t\t\t\t\t<\/div>\n\t\t<\/div>\n\t\t\t\t\t<\/div>\n\t\t<\/section>\n\t\t\t\t<section class=\"elementor-section elementor-top-section elementor-element elementor-element-71c5581f elementor-section-stretched elementor-section-boxed elementor-section-height-default elementor-section-height-default qodef-elementor-content-no\" data-id=\"71c5581f\" data-element_type=\"section\" data-settings=\"{&quot;stretch_section&quot;:&quot;section-stretched&quot;}\">\n\t\t\t\t\t\t<div class=\"elementor-container elementor-column-gap-default\">\n\t\t\t\t\t<div class=\"elementor-column elementor-col-100 elementor-top-column elementor-element elementor-element-278d19b4\" data-id=\"278d19b4\" data-element_type=\"column\">\n\t\t\t<div class=\"elementor-widget-wrap elementor-element-populated\">\n\t\t\t\t\t\t<div class=\"elementor-element elementor-element-431e79a1 elementor-widget__width-inherit e-transform elementor-widget-mobile__width-inherit elementor-widget elementor-widget-text-editor\" data-id=\"431e79a1\" data-element_type=\"widget\" data-settings=\"{&quot;_transform_translateX_effect_hover&quot;:{&quot;unit&quot;:&quot;px&quot;,&quot;size&quot;:&quot;&quot;,&quot;sizes&quot;:[]},&quot;_transform_translateX_effect_hover_tablet&quot;:{&quot;unit&quot;:&quot;px&quot;,&quot;size&quot;:&quot;&quot;,&quot;sizes&quot;:[]},&quot;_transform_translateX_effect_hover_mobile&quot;:{&quot;unit&quot;:&quot;px&quot;,&quot;size&quot;:&quot;&quot;,&quot;sizes&quot;:[]},&quot;_transform_translateY_effect_hover&quot;:{&quot;unit&quot;:&quot;px&quot;,&quot;size&quot;:&quot;&quot;,&quot;sizes&quot;:[]},&quot;_transform_translateY_effect_hover_tablet&quot;:{&quot;unit&quot;:&quot;px&quot;,&quot;size&quot;:&quot;&quot;,&quot;sizes&quot;:[]},&quot;_transform_translateY_effect_hover_mobile&quot;:{&quot;unit&quot;:&quot;px&quot;,&quot;size&quot;:&quot;&quot;,&quot;sizes&quot;:[]}}\" data-widget_type=\"text-editor.default\">\n\t\t\t\t<div class=\"elementor-widget-container\">\n\t\t\t\t\t\t\t\t\t<p><\/p>\n<p id=\"parrafo1\" style=\"text-align: justify;\"><img fetchpriority=\"high\" decoding=\"async\" class=\"wp-image-9877 size-medium alignleft\" src=\"https:\/\/laotrabelleza.com\/wp-content\/uploads\/2023\/10\/registro-profesional-1-200x300.jpg\" alt=\"\" width=\"200\" height=\"300\" srcset=\"https:\/\/laotrabelleza.com\/wp-content\/uploads\/2023\/10\/registro-profesional-1-200x300.jpg 200w, https:\/\/laotrabelleza.com\/wp-content\/uploads\/2023\/10\/registro-profesional-1-600x900.jpg 600w, https:\/\/laotrabelleza.com\/wp-content\/uploads\/2023\/10\/registro-profesional-1-682x1024.jpg 682w, https:\/\/laotrabelleza.com\/wp-content\/uploads\/2023\/10\/registro-profesional-1-768x1152.jpg 768w, https:\/\/laotrabelleza.com\/wp-content\/uploads\/2023\/10\/registro-profesional-1-1024x1536.jpg 1024w, https:\/\/laotrabelleza.com\/wp-content\/uploads\/2023\/10\/registro-profesional-1.jpg 1333w\" sizes=\"(max-width: 200px) 100vw, 200px\" \/><\/p>\n<p style=\"text-align: justify;\"><strong><span style=\"text-decoration: underline;\">Diagn\u00f3stico facial:<\/span><\/strong><\/p>\n<p style=\"text-align: justify;\">Cada vez son m\u00e1s los estudios que confirman que m\u00e1s all\u00e1 de nuestra carga gen\u00e9tica es aquello que vivimos lo que condiciona el estado de nuestra piel. Por ello antes de iniciar cualquier tratamiento o rutina de cuidado, es imprescindible conocer las circunstancias que rodean a cada persona as\u00ed como su estilo de vida. Realizaremos un an\u00e1lisis visual y una encuesta para recabar toda la informaci\u00f3n necesaria antes de realizar cualquier recomendaci\u00f3n. Se puede reservar por separado o antes de elegir tu rutina o tratamiento facial.\u00a0\u00a0<\/p>\n<p><span style=\"text-decoration: underline;\"><strong>La higiene perfecta:<\/strong><\/span><\/p>\n<div style=\"text-align: justify;\">Higiene facial profunda y sin dolor, realizada de manera respetuosa y exclusivamente con productos Organic &amp; Vegan que ayudan a la piel a deshacerse de todas sus impurezas, a borrar los da\u00f1os causados por la poluci\u00f3n y a recuperar un aspecto radiante y luminoso. Primer paso indispensable para sanear la piel y prepararla para futuros tratamientos.\u00a0 Indicado en todo tipo de pieles.<\/div>\n<div style=\"text-align: justify;\">\n<p><span style=\"text-decoration: underline;\"><strong>Detox skin treatment:<\/strong><\/span><\/p>\n<p id=\"parrafo3\" style=\"text-align: justify;\">Tratamiento facial ultra detox que ayuda a las pieles apagadas y afectadas por la poluci\u00f3n a recuperar un aspecto fresco y saludable. Mediante la aplicaci\u00f3n de varias mascarillas con gran poder purificante y oxigenante, la piel recupera su luminosidad y su aspecto saludable<\/p>\n<\/div>\n<p id=\"parrafo1\" style=\"text-align: center;\">\u00a0<\/p>\n<p><\/p>\n<p><!-- \/wp:list --><\/p>\t\t\t\t\t\t\t\t<\/div>\n\t\t\t\t<\/div>\n\t\t\t\t\t<\/div>\n\t\t<\/div>\n\t\t\t\t\t<\/div>\n\t\t<\/section>\n\t\t\t\t<section class=\"elementor-section elementor-top-section elementor-element elementor-element-c466c07 elementor-section-stretched elementor-section-boxed elementor-section-height-default elementor-section-height-default qodef-elementor-content-no\" data-id=\"c466c07\" data-element_type=\"section\" data-settings=\"{&quot;stretch_section&quot;:&quot;section-stretched&quot;}\">\n\t\t\t\t\t\t<div class=\"elementor-container elementor-column-gap-default\">\n\t\t\t\t\t<div class=\"elementor-column elementor-col-100 elementor-top-column elementor-element elementor-element-e178ea5\" data-id=\"e178ea5\" data-element_type=\"column\">\n\t\t\t<div class=\"elementor-widget-wrap elementor-element-populated\">\n\t\t\t\t\t\t<div class=\"elementor-element elementor-element-214782e elementor-widget__width-inherit elementor-widget-mobile__width-inherit elementor-widget elementor-widget-text-editor\" data-id=\"214782e\" data-element_type=\"widget\" data-widget_type=\"text-editor.default\">\n\t\t\t\t<div class=\"elementor-widget-container\">\n\t\t\t\t\t\t\t\t\t<p><span style=\"text-decoration: underline;\"><strong>Herbal cure:<\/strong><\/span><\/p>\n<p><img decoding=\"async\" class=\" wp-image-9883 alignright\" src=\"https:\/\/laotrabelleza.com\/wp-content\/uploads\/2023\/10\/premium-quality-test-1-200x300.jpg\" alt=\"\" width=\"321\" height=\"482\" srcset=\"https:\/\/laotrabelleza.com\/wp-content\/uploads\/2023\/10\/premium-quality-test-1-200x300.jpg 200w, https:\/\/laotrabelleza.com\/wp-content\/uploads\/2023\/10\/premium-quality-test-1-600x900.jpg 600w, https:\/\/laotrabelleza.com\/wp-content\/uploads\/2023\/10\/premium-quality-test-1-683x1024.jpg 683w, https:\/\/laotrabelleza.com\/wp-content\/uploads\/2023\/10\/premium-quality-test-1-768x1152.jpg 768w, https:\/\/laotrabelleza.com\/wp-content\/uploads\/2023\/10\/premium-quality-test-1.jpg 1000w\" sizes=\"(max-width: 321px) 100vw, 321px\" \/><\/p>\n<p id=\"parrafo4\" style=\"text-align: justify;\">Tratamiento especialmente desarrollado para pieles con una excesiva producci\u00f3n de sebo. Gracias a sus activos astringentes como la sal de Mar Muerto y sus activos reequilibrantes como el \u00e1rbol de T\u00e9, este tratamiento ayuda a disminuir la producci\u00f3n de grasa as\u00ed como el tama\u00f1o visible del poro y recuperar una piel con aspecto saludable y sin brillo. Indicado en pieles con excesiva producci\u00f3n de grasa.\u00a0<\/p>\n<p style=\"text-align: left;\"><span style=\"text-decoration: underline;\"><strong>Hydra green treatment:<\/strong><\/span><\/p>\n<p id=\"parrafo5\" style=\"text-align: justify;\">Tratamiento facial ultra hidratante que proporciona a la piel una sensaci\u00f3n inmediata de confort y bienestar. Tras la aplicaci\u00f3n de varias mascarillas con alto contenido en nutrientes activos y aceites de Aguacate y Arg\u00e1n, la piel recupera su hidrataci\u00f3n y luminosidad.<\/p>\n<p>\u00a0<\/p>\t\t\t\t\t\t\t\t<\/div>\n\t\t\t\t<\/div>\n\t\t\t\t\t<\/div>\n\t\t<\/div>\n\t\t\t\t\t<\/div>\n\t\t<\/section>\n\t\t\t\t<\/div>\n\t\t","protected":false},"excerpt":{"rendered":"<p>TRATAMIENTOS ESENCIALES Diagn\u00f3stico facial: Cada vez son m\u00e1s los estudios que confirman que m\u00e1s all\u00e1 de nuestra carga gen\u00e9tica es aquello que vivimos lo que condiciona el estado de nuestra piel. Por ello antes de iniciar cualquier tratamiento o rutina de cuidado, es imprescindible conocer las circunstancias que rodean a cada persona as\u00ed como su [&hellip;]<\/p>\n","protected":false},"author":1,"featured_media":0,"parent":0,"menu_order":0,"comment_status":"closed","ping_status":"closed","template":"","meta":{"inline_featured_image":false,"footnotes":""},"_links":{"self":[{"href":"https:\/\/laotrabelleza.com\/index.php\/wp-json\/wp\/v2\/pages\/34"}],"collection":[{"href":"https:\/\/laotrabelleza.com\/index.php\/wp-json\/wp\/v2\/pages"}],"about":[{"href":"https:\/\/laotrabelleza.com\/index.php\/wp-json\/wp\/v2\/types\/page"}],"author":[{"embeddable":true,"href":"https:\/\/laotrabelleza.com\/index.php\/wp-json\/wp\/v2\/users\/1"}],"replies":[{"embeddable":true,"href":"https:\/\/laotrabelleza.com\/index.php\/wp-json\/wp\/v2\/comments?post=34"}],"version-history":[{"count":54,"href":"https:\/\/laotrabelleza.com\/index.php\/wp-json\/wp\/v2\/pages\/34\/revisions"}],"predecessor-version":[{"id":10434,"href":"https:\/\/laotrabelleza.com\/index.php\/wp-json\/wp\/v2\/pages\/34\/revisions\/10434"}],"wp:attachment":[{"href":"https:\/\/laotrabelleza.com\/index.php\/wp-json\/wp\/v2\/media?parent=34"}],"curies":[{"name":"wp","href":"https:\/\/api.w.org\/{rel}","templated":true}]}}