{"id":38,"date":"2023-08-23T18:49:16","date_gmt":"2023-08-23T18:49:16","guid":{"rendered":"https:\/\/laotrabelleza.com\/?page_id=38"},"modified":"2024-02-17T13:16:19","modified_gmt":"2024-02-17T12:16:19","slug":"cuidado-oncologico","status":"publish","type":"page","link":"https:\/\/laotrabelleza.com\/index.php\/cuidado-oncologico\/","title":{"rendered":"Rituales y masajes"},"content":{"rendered":"\t\t<div data-elementor-type=\"wp-page\" data-elementor-id=\"38\" class=\"elementor elementor-38\" wpc-filter-elementor-widget=\"1\">\n\t\t\t\t\t\t<section class=\"elementor-section elementor-top-section elementor-element elementor-element-8a41e5c elementor-section-boxed elementor-section-height-default elementor-section-height-default qodef-elementor-content-no\" data-id=\"8a41e5c\" data-element_type=\"section\">\n\t\t\t\t\t\t<div class=\"elementor-container elementor-column-gap-default\">\n\t\t\t\t\t<div class=\"elementor-column elementor-col-100 elementor-top-column elementor-element elementor-element-f536418\" data-id=\"f536418\" data-element_type=\"column\">\n\t\t\t<div class=\"elementor-widget-wrap elementor-element-populated\">\n\t\t\t\t\t\t<div class=\"elementor-element elementor-element-5f36788 elementor-widget elementor-widget-heading\" data-id=\"5f36788\" data-element_type=\"widget\" data-widget_type=\"heading.default\">\n\t\t\t\t<div class=\"elementor-widget-container\">\n\t\t\t\t\t<h2 class=\"elementor-heading-title elementor-size-default\">RITUALES Y MASAJES<\/h2>\t\t\t\t<\/div>\n\t\t\t\t<\/div>\n\t\t\t\t\t<\/div>\n\t\t<\/div>\n\t\t\t\t\t<\/div>\n\t\t<\/section>\n\t\t\t\t<section class=\"elementor-section elementor-top-section elementor-element elementor-element-18af1f3 elementor-section-boxed elementor-section-height-default elementor-section-height-default qodef-elementor-content-no\" data-id=\"18af1f3\" data-element_type=\"section\">\n\t\t\t\t\t\t<div class=\"elementor-container elementor-column-gap-default\">\n\t\t\t\t\t<div class=\"elementor-column elementor-col-100 elementor-top-column elementor-element elementor-element-0995b36\" data-id=\"0995b36\" data-element_type=\"column\">\n\t\t\t<div class=\"elementor-widget-wrap elementor-element-populated\">\n\t\t\t\t\t\t<div class=\"elementor-element elementor-element-5e262c4 elementor-widget__width-initial elementor-widget elementor-widget-text-editor\" data-id=\"5e262c4\" data-element_type=\"widget\" data-widget_type=\"text-editor.default\">\n\t\t\t\t<div class=\"elementor-widget-container\">\n\t\t\t\t\t\t\t\t\t<p><img fetchpriority=\"high\" decoding=\"async\" class=\"size-medium wp-image-9964 alignright\" src=\"https:\/\/laotrabelleza.com\/wp-content\/uploads\/2023\/10\/6d5710f3-d296-4d7c-a982-2bfff8417c9d-300x200.jpg\" alt=\"\" width=\"300\" height=\"200\" srcset=\"https:\/\/laotrabelleza.com\/wp-content\/uploads\/2023\/10\/6d5710f3-d296-4d7c-a982-2bfff8417c9d-300x200.jpg 300w, https:\/\/laotrabelleza.com\/wp-content\/uploads\/2023\/10\/6d5710f3-d296-4d7c-a982-2bfff8417c9d-scaled-600x400.jpg 600w, https:\/\/laotrabelleza.com\/wp-content\/uploads\/2023\/10\/6d5710f3-d296-4d7c-a982-2bfff8417c9d-1024x683.jpg 1024w, https:\/\/laotrabelleza.com\/wp-content\/uploads\/2023\/10\/6d5710f3-d296-4d7c-a982-2bfff8417c9d-768x512.jpg 768w, https:\/\/laotrabelleza.com\/wp-content\/uploads\/2023\/10\/6d5710f3-d296-4d7c-a982-2bfff8417c9d-1536x1024.jpg 1536w, https:\/\/laotrabelleza.com\/wp-content\/uploads\/2023\/10\/6d5710f3-d296-4d7c-a982-2bfff8417c9d-2048x1365.jpg 2048w\" sizes=\"(max-width: 300px) 100vw, 300px\" \/><span style=\"text-decoration: underline;\"><strong>Organic &amp; Vegan Ritual:<\/strong> <\/span><\/p><p style=\"text-align: justify;\">Maravilloso ritual ultra envolvente realizado con aceites de Baobab, Lavand\u00edn y Bergamota especialmente dise\u00f1ado para despertar todos los sentidos, aportando luminosidad, bienestar, relajaci\u00f3n y vitalidad. Este ritual incluye un masaje corporal relajante y un tratamiento facial Flash para lucir un rostro luminoso y firme.<\/p><p><span style=\"text-decoration: underline;\"><strong>Hydra Intense Ritual:<\/strong><\/span><\/p><p style=\"text-align: justify;\"><a id=\"parrafo2\"><\/a>Intenso tratamiento facial y corporal realizado con activos ultra nutritivos como los aceites de Aguacate, Arg\u00e1n y el \u00c1cido Hialur\u00f3nico dise\u00f1ado para devolver a la piel su frescura, hidrataci\u00f3n y juventud. La acci\u00f3n de sus productos y las t\u00e9cnicas ultra suaves de este ritual proporcionan en cada momento sensaciones \u00fanicas y una relajaci\u00f3n absoluta. Gracias al EXFOLIANT ULTRA HYDRATANT y L\u2019HUI &#8211; LE RELAX INTENSE, la piel se nutre, se regenera, se ilumina y las sensaciones se multiplican.<\/p><p style=\"text-align: left;\"><span style=\"text-decoration: underline;\"><strong>Sensorial Luxury Experience Ritual:<\/strong><\/span><\/p><p style=\"text-align: justify;\">Exclusivo y extraordinario ritual facial y corporal que libera las tensiones corporales acumuladas y devuelve al rostro toda su luminosidad y juventud mediante el masaje facial LE FA &#8211; CELIFT SCENS. La perfecta combinaci\u00f3n de la exfoliaci\u00f3n con el masaje corporal relajante y el masaje facial permitir\u00e1 experimentar en todo momento un nuevo renacer.<\/p><p><a id=\"parrafo3\"><\/a><a id=\"parrafo4\"><\/a><span style=\"text-decoration: underline;\"><strong>Total Repair Ritual:\u00a0<\/strong><\/span><\/p><p style=\"text-align: justify;\">Ritual facial y corporal reparador que regenera y calma la piel. Especialmente indicado despu\u00e9s de la exposici\u00f3n solar para pieles muy castigadas. \u00a0El masaje corporal con t\u00e9cnica exclusiva SCENS y el aceite L\u2019HUILE RELAX INTENSE permiten regenerar la piel, liberar las tensiones y conseguir una sensaci\u00f3n de bienestar y paz interior absoluta.<\/p><p style=\"text-align: justify;\">La doble limpieza SCENS, la exfoliaci\u00f3n, y el masaje facial ultra sensorial y reparador con LE MASQUE ULTRA RICHE y L\u2019ELIXIR aportan un plus de hidrataci\u00f3n y renovaci\u00f3n celular, gracias a los aceites de Aguacate, S\u00e9samo, Arg\u00e1n y a la Manteca de Karit\u00e9, entre otros.<\/p><p><span style=\"text-decoration: underline;\"><strong>Relaxing Massage:<\/strong><\/span><\/p><p style=\"text-align: justify;\">Masaje relajante realizado con aceites de Baobab, Lavand\u00edn y Bergamota. Especialmente indicado para todas aquellas personas que desean desconectar de la rutina y eliminar la tensi\u00f3n f\u00edsica y mental en un ambiente relajado y envolvente.<\/p><p style=\"text-align: justify;\">Disponible en 30, 60 y 90min.<\/p><p><span style=\"text-decoration: underline;\"><strong>Intense Massage:\u00a0<\/strong><\/span><\/p><p style=\"text-align: justify;\"><span class=\"OYPEnA text-decoration-none text-strikethrough-none\">Masaje corporal de presi\u00f3n firme. Gracias a los aceites de Cannabis, \u00c1rnica, Pachul\u00ed y Clavo, este masaje alivia el estr\u00e9s emocional y corporal, relajando y oxigenando la musculatura, y permitiendo rebajar la tensi\u00f3n acumulada en todo el cuerpo.<\/span><\/p><p><span style=\"text-decoration: underline;\"><strong>360\u00b0 experience massage:\u00a0<\/strong><\/span><\/p><p style=\"text-align: justify;\">Masaje facial y corporal\u00a0 realizado con aceites de Cannabis, \u00c1rnica, Pachul\u00ed y Clavo que permiten realizar un masaje 360\u00b0 que engloba el cr\u00e1neo, el rostro y todo el cuerpo. Ideal para aliviar los dolores musculares faciales, craneales y cervicales.<\/p><p style=\"text-align: justify;\"><span style=\"text-decoration: underline;\"><strong>Masaje piernas cansadas:<\/strong><\/span><\/p><p>\u00a0<\/p><p style=\"text-align: justify;\">Masaje que ayuda a aliviar la sensaci\u00f3n de piernas cansadas y pesadez, evitando la retenci\u00f3n de l\u00edquidos.<\/p>\t\t\t\t\t\t\t\t<\/div>\n\t\t\t\t<\/div>\n\t\t\t\t\t<\/div>\n\t\t<\/div>\n\t\t\t\t\t<\/div>\n\t\t<\/section>\n\t\t\t\t<\/div>\n\t\t","protected":false},"excerpt":{"rendered":"<p>RITUALES Y MASAJES Organic &amp; Vegan Ritual: Maravilloso ritual ultra envolvente realizado con aceites de Baobab, Lavand\u00edn y Bergamota especialmente dise\u00f1ado para despertar todos los sentidos, aportando luminosidad, bienestar, relajaci\u00f3n y vitalidad. Este ritual incluye un masaje corporal relajante y un tratamiento facial Flash para lucir un rostro luminoso y firme. Hydra Intense Ritual: Intenso [&hellip;]<\/p>\n","protected":false},"author":1,"featured_media":0,"parent":0,"menu_order":0,"comment_status":"closed","ping_status":"closed","template":"","meta":{"inline_featured_image":false,"footnotes":""},"_links":{"self":[{"href":"https:\/\/laotrabelleza.com\/index.php\/wp-json\/wp\/v2\/pages\/38"}],"collection":[{"href":"https:\/\/laotrabelleza.com\/index.php\/wp-json\/wp\/v2\/pages"}],"about":[{"href":"https:\/\/laotrabelleza.com\/index.php\/wp-json\/wp\/v2\/types\/page"}],"author":[{"embeddable":true,"href":"https:\/\/laotrabelleza.com\/index.php\/wp-json\/wp\/v2\/users\/1"}],"replies":[{"embeddable":true,"href":"https:\/\/laotrabelleza.com\/index.php\/wp-json\/wp\/v2\/comments?post=38"}],"version-history":[{"count":35,"href":"https:\/\/laotrabelleza.com\/index.php\/wp-json\/wp\/v2\/pages\/38\/revisions"}],"predecessor-version":[{"id":10452,"href":"https:\/\/laotrabelleza.com\/index.php\/wp-json\/wp\/v2\/pages\/38\/revisions\/10452"}],"wp:attachment":[{"href":"https:\/\/laotrabelleza.com\/index.php\/wp-json\/wp\/v2\/media?parent=38"}],"curies":[{"name":"wp","href":"https:\/\/api.w.org\/{rel}","templated":true}]}}