{"id":51,"date":"2023-08-28T13:54:23","date_gmt":"2023-08-28T13:54:23","guid":{"rendered":"https:\/\/laotrabelleza.com\/?page_id=51"},"modified":"2024-02-17T13:30:59","modified_gmt":"2024-02-17T12:30:59","slug":"filosofia","status":"publish","type":"page","link":"https:\/\/laotrabelleza.com\/index.php\/filosofia\/","title":{"rendered":"Filosof\u00eda"},"content":{"rendered":"\t\t<div data-elementor-type=\"wp-page\" data-elementor-id=\"51\" class=\"elementor elementor-51\" wpc-filter-elementor-widget=\"1\">\n\t\t\t\t\t\t<section class=\"elementor-section elementor-top-section elementor-element elementor-element-75b9ea2 elementor-section-boxed elementor-section-height-default elementor-section-height-default qodef-elementor-content-no\" data-id=\"75b9ea2\" data-element_type=\"section\">\n\t\t\t\t\t\t<div class=\"elementor-container elementor-column-gap-default\">\n\t\t\t\t\t<div class=\"elementor-column elementor-col-100 elementor-top-column elementor-element elementor-element-7e1da0a\" data-id=\"7e1da0a\" data-element_type=\"column\">\n\t\t\t<div class=\"elementor-widget-wrap elementor-element-populated\">\n\t\t\t\t\t\t<div class=\"elementor-element elementor-element-39c231b elementor-widget elementor-widget-heading\" data-id=\"39c231b\" data-element_type=\"widget\" data-widget_type=\"heading.default\">\n\t\t\t\t<div class=\"elementor-widget-container\">\n\t\t\t\t\t<h1 class=\"elementor-heading-title elementor-size-large\">\"PODEMOS CREAR UNA BELLEZA M\u00c1S INCLUSIVA Y AMOROSA EN LA QUE CADA PERSONA SE SIENTA VALORADA POR SER QUI\u00c9N ES\"<br><br>- NURIA TORIJANO -<\/h1>\t\t\t\t<\/div>\n\t\t\t\t<\/div>\n\t\t\t\t\t<\/div>\n\t\t<\/div>\n\t\t\t\t\t<\/div>\n\t\t<\/section>\n\t\t\t\t<section class=\"elementor-section elementor-top-section elementor-element elementor-element-91f8df2 elementor-section-boxed elementor-section-height-default elementor-section-height-default qodef-elementor-content-no\" data-id=\"91f8df2\" data-element_type=\"section\">\n\t\t\t\t\t\t<div class=\"elementor-container elementor-column-gap-default\">\n\t\t\t\t\t<div class=\"elementor-column elementor-col-100 elementor-top-column elementor-element elementor-element-69867994\" data-id=\"69867994\" data-element_type=\"column\">\n\t\t\t<div class=\"elementor-widget-wrap elementor-element-populated\">\n\t\t\t\t\t\t<div class=\"elementor-element elementor-element-06706de elementor-widget elementor-widget-image\" data-id=\"06706de\" data-element_type=\"widget\" data-widget_type=\"image.default\">\n\t\t\t\t<div class=\"elementor-widget-container\">\n\t\t\t\t\t\t\t\t\t\t\t\t\t\t\t<img fetchpriority=\"high\" decoding=\"async\" width=\"1024\" height=\"422\" src=\"https:\/\/laotrabelleza.com\/wp-content\/uploads\/2023\/10\/header-tratamiento-corporal-1024x422.jpg\" class=\"attachment-large size-large wp-image-9841\" alt=\"\" srcset=\"https:\/\/laotrabelleza.com\/wp-content\/uploads\/2023\/10\/header-tratamiento-corporal-1024x422.jpg 1024w, https:\/\/laotrabelleza.com\/wp-content\/uploads\/2023\/10\/header-tratamiento-corporal-600x247.jpg 600w, https:\/\/laotrabelleza.com\/wp-content\/uploads\/2023\/10\/header-tratamiento-corporal-300x124.jpg 300w, https:\/\/laotrabelleza.com\/wp-content\/uploads\/2023\/10\/header-tratamiento-corporal-768x317.jpg 768w, https:\/\/laotrabelleza.com\/wp-content\/uploads\/2023\/10\/header-tratamiento-corporal-1536x633.jpg 1536w, https:\/\/laotrabelleza.com\/wp-content\/uploads\/2023\/10\/header-tratamiento-corporal-2048x844.jpg 2048w\" sizes=\"(max-width: 1024px) 100vw, 1024px\" \/>\t\t\t\t\t\t\t\t\t\t\t\t\t\t\t<\/div>\n\t\t\t\t<\/div>\n\t\t\t\t<div class=\"elementor-element elementor-element-5ade5a1 elementor-widget elementor-widget-text-editor\" data-id=\"5ade5a1\" data-element_type=\"widget\" data-widget_type=\"text-editor.default\">\n\t\t\t\t<div class=\"elementor-widget-container\">\n\t\t\t\t\t\t\t\t\t<p><\/p>\n<p class=\"cvGsUA direction-ltr align-center para-style-body\" style=\"text-align: justify;\"><span class=\"OYPEnA text-decoration-none text-strikethrough-none\">El alma puede parecer algo intangible, pero al mismo tiempo todos podemos apreciar cuando un proyecto est\u00e1 creado de manera \u00fanica. Cuando cuidar de los dem\u00e1s nace de ti de manera innata puedes permitirte profundizar, cuidar los detalles, escuchar para comprender realmente a la persona que tienes delante y dar lo mejor de ti en cada experiencia compartida.<\/span><\/p>\n<p class=\"cvGsUA direction-ltr align-center para-style-body\" style=\"text-align: justify;\"><span class=\"OYPEnA text-decoration-none text-strikethrough-none\">Poner tu <\/span><span class=\"OYPEnA text-decoration-none text-strikethrough-none\">Alma<\/span><span class=\"OYPEnA text-decoration-none text-strikethrough-none\"> en lo que haces es lo que marca la diferencia.<\/span><\/p>\n<p class=\"cvGsUA direction-ltr align-center para-style-body\" style=\"text-align: justify;\">\n<\/p><p class=\"cvGsUA direction-ltr align-center para-style-body\" style=\"text-align: justify;\"><span class=\"OYPEnA text-decoration-none text-strikethrough-none\">La otra belleza<\/span><span class=\"OYPEnA text-decoration-none text-strikethrough-none\"> no es m\u00e1s que el deseo que he tenido siempre de cultivar la belleza desde otro prisma, basado en el respeto a la singularidad de cada persona y en potenciar las virtudes inherentes en cada una de nosotras, aquellas que trascienden m\u00e1s all\u00e1 de una piel o un cuerpo perfectos.<\/span><\/p>\n<p class=\"cvGsUA direction-ltr align-center para-style-body\" style=\"text-align: justify;\">\n<\/p><p class=\"cvGsUA direction-ltr align-center para-style-body\" style=\"text-align: justify;\"><span class=\"OYPEnA text-decoration-none text-strikethrough-none\">Sentirnos en <\/span><span class=\"OYPEnA text-decoration-none text-strikethrough-none\">calma<\/span><span class=\"OYPEnA text-decoration-none text-strikethrough-none\"> es algo que hoy en d\u00eda todos necesitamos y que resulta dif\u00edcil de alcanzar, por eso en Alma he creado algo m\u00e1s que un centro de belleza. Un refugio para el d\u00eda a d\u00eda, un espacio de cuidado personal en el que cada tratamiento se ofrezca desde la serenidad y la profesionalidad, con el compromiso de pasar no solo un momento agradable, sino de garantizar una alta efectividad en el resultado. Una experiencia completa de <\/span><span class=\"OYPEnA text-decoration-none text-strikethrough-none\">bienestar<\/span><span class=\"OYPEnA text-decoration-none text-strikethrough-none\"> en la que incluso pasear por las acogedoras calles de nuestra ciudad sea parte del disfrute.<\/span><\/p>\n<p class=\"cvGsUA direction-ltr align-center para-style-body\" style=\"text-align: justify;\">\n<\/p><p class=\"cvGsUA direction-ltr align-center para-style-body\" style=\"text-align: justify;\"><span class=\"OYPEnA text-decoration-none text-strikethrough-none\">Aunque la industria de la belleza nos lleva a consumir impulsivamente, cada vez somos m\u00e1s las personas que sentimos la necesidad de actuar de manera <\/span><span class=\"OYPEnA text-decoration-none text-strikethrough-none\">consciente<\/span><span class=\"OYPEnA text-decoration-none text-strikethrough-none\"> y reducir el impacto medioambiental de nuestros h\u00e1bitos. Por eso desde la otra belleza, apostamos por un <\/span><span class=\"OYPEnA text-decoration-none text-strikethrough-none\">nuevo concepto de autocuidado<\/span><span class=\"OYPEnA text-decoration-none text-strikethrough-none\"> basado en rutinas minimalistas y sostenibles, independiente a las modas y que responda a las necesidades reales de las personas.<\/span><\/p>\n<p class=\"cvGsUA direction-ltr align-center para-style-body\" style=\"text-align: justify;\">\n<\/p><p class=\"cvGsUA direction-ltr align-center para-style-body\" style=\"text-align: justify;\"><span class=\"OYPEnA text-decoration-none text-strikethrough-none\">En un mundo en el que la interacci\u00f3n entre nosotros se ve cada vez m\u00e1s influida por la tecnolog\u00eda, he querido devolverle el valor a la <\/span><span class=\"OYPEnA text-decoration-none text-strikethrough-none\">terapia manual<\/span><span class=\"OYPEnA text-decoration-none text-strikethrough-none\">, la cual tiene el poder de conseguir resultados realmente asombrosos creando adem\u00e1s una conexi\u00f3n piel con piel inalcanzable para la aparatolog\u00eda. Sabemos que la memoria emocional es aquella que se encarga de vincular sensaciones a nuestros recuerdos, por eso queremos que sea <\/span><span class=\"OYPEnA text-decoration-none text-strikethrough-none\">como te sientas<\/span><span class=\"OYPEnA text-decoration-none text-strikethrough-none\"> y no solo como te veas lo que haga que desees repetir la experiencia.<\/span><\/p>\n<p class=\"cvGsUA direction-ltr align-center para-style-body\" style=\"text-align: justify;\">\n<\/p><p class=\"cvGsUA direction-ltr align-center para-style-body\" style=\"text-align: justify;\"><span class=\"OYPEnA text-decoration-none text-strikethrough-none\">Bienvenidos a Alma, bienvenidos a La otra belleza.<\/span><\/p>\n<p class=\"cvGsUA direction-ltr align-center para-style-body\" style=\"text-align: justify;\">\n<\/p><p class=\"cvGsUA direction-ltr align-end para-style-body\" style=\"text-align: justify;\"><span class=\"OYPEnA text-decoration-none text-strikethrough-none\">-Alba Moro Saura-<\/span><\/p>\n<p><\/p>\n<p><\/p>\t\t\t\t\t\t\t\t<\/div>\n\t\t\t\t<\/div>\n\t\t\t\t\t<\/div>\n\t\t<\/div>\n\t\t\t\t\t<\/div>\n\t\t<\/section>\n\t\t\t\t<\/div>\n\t\t","protected":false},"excerpt":{"rendered":"<p>\u00abPODEMOS CREAR UNA BELLEZA M\u00c1S INCLUSIVA Y AMOROSA EN LA QUE CADA PERSONA SE SIENTA VALORADA POR SER QUI\u00c9N ES\u00bb &#8211; NURIA TORIJANO &#8211; El alma puede parecer algo intangible, pero al mismo tiempo todos podemos apreciar cuando un proyecto est\u00e1 creado de manera \u00fanica. Cuando cuidar de los dem\u00e1s nace de ti de manera [&hellip;]<\/p>\n","protected":false},"author":1,"featured_media":0,"parent":0,"menu_order":0,"comment_status":"closed","ping_status":"closed","template":"","meta":{"inline_featured_image":false,"footnotes":""},"_links":{"self":[{"href":"https:\/\/laotrabelleza.com\/index.php\/wp-json\/wp\/v2\/pages\/51"}],"collection":[{"href":"https:\/\/laotrabelleza.com\/index.php\/wp-json\/wp\/v2\/pages"}],"about":[{"href":"https:\/\/laotrabelleza.com\/index.php\/wp-json\/wp\/v2\/types\/page"}],"author":[{"embeddable":true,"href":"https:\/\/laotrabelleza.com\/index.php\/wp-json\/wp\/v2\/users\/1"}],"replies":[{"embeddable":true,"href":"https:\/\/laotrabelleza.com\/index.php\/wp-json\/wp\/v2\/comments?post=51"}],"version-history":[{"count":25,"href":"https:\/\/laotrabelleza.com\/index.php\/wp-json\/wp\/v2\/pages\/51\/revisions"}],"predecessor-version":[{"id":10458,"href":"https:\/\/laotrabelleza.com\/index.php\/wp-json\/wp\/v2\/pages\/51\/revisions\/10458"}],"wp:attachment":[{"href":"https:\/\/laotrabelleza.com\/index.php\/wp-json\/wp\/v2\/media?parent=51"}],"curies":[{"name":"wp","href":"https:\/\/api.w.org\/{rel}","templated":true}]}}