{"id":9910,"date":"2023-10-24T14:49:21","date_gmt":"2023-10-24T12:49:21","guid":{"rendered":"https:\/\/laotrabelleza.com\/?page_id=9910"},"modified":"2024-02-17T13:04:37","modified_gmt":"2024-02-17T12:04:37","slug":"de-autor","status":"publish","type":"page","link":"https:\/\/laotrabelleza.com\/index.php\/de-autor\/","title":{"rendered":"De autor"},"content":{"rendered":"\t\t<div data-elementor-type=\"wp-page\" data-elementor-id=\"9910\" class=\"elementor elementor-9910\" wpc-filter-elementor-widget=\"1\">\n\t\t\t\t\t\t<section class=\"elementor-section elementor-top-section elementor-element elementor-element-0d12192 elementor-section-boxed elementor-section-height-default elementor-section-height-default qodef-elementor-content-no\" data-id=\"0d12192\" data-element_type=\"section\">\n\t\t\t\t\t\t<div class=\"elementor-container elementor-column-gap-default\">\n\t\t\t\t\t<div class=\"elementor-column elementor-col-100 elementor-top-column elementor-element elementor-element-10dac18\" data-id=\"10dac18\" data-element_type=\"column\">\n\t\t\t<div class=\"elementor-widget-wrap elementor-element-populated\">\n\t\t\t\t\t\t<div class=\"elementor-element elementor-element-2aa8c93 elementor-widget elementor-widget-heading\" data-id=\"2aa8c93\" data-element_type=\"widget\" data-widget_type=\"heading.default\">\n\t\t\t\t<div class=\"elementor-widget-container\">\n\t\t\t\t\t<h2 class=\"elementor-heading-title elementor-size-default\">TRATAMIENTOS DE AUTOR<\/h2>\t\t\t\t<\/div>\n\t\t\t\t<\/div>\n\t\t\t\t\t<\/div>\n\t\t<\/div>\n\t\t\t\t\t<\/div>\n\t\t<\/section>\n\t\t\t\t<section class=\"elementor-section elementor-top-section elementor-element elementor-element-f8bc69e elementor-section-boxed elementor-section-height-default elementor-section-height-default qodef-elementor-content-no\" data-id=\"f8bc69e\" data-element_type=\"section\">\n\t\t\t\t\t\t<div class=\"elementor-container elementor-column-gap-default\">\n\t\t\t\t\t<div class=\"elementor-column elementor-col-100 elementor-top-column elementor-element elementor-element-8da531b\" data-id=\"8da531b\" data-element_type=\"column\">\n\t\t\t<div class=\"elementor-widget-wrap elementor-element-populated\">\n\t\t\t\t\t\t<div class=\"elementor-element elementor-element-a35bdf9 elementor-widget elementor-widget-heading\" data-id=\"a35bdf9\" data-element_type=\"widget\" data-widget_type=\"heading.default\">\n\t\t\t\t<div class=\"elementor-widget-container\">\n\t\t\t\t\t<h2 class=\"elementor-heading-title elementor-size-xl\">Experiencias creadas por las mejores profesionales del sector de la belleza y el bienestar.<\/h2>\t\t\t\t<\/div>\n\t\t\t\t<\/div>\n\t\t\t\t\t<\/div>\n\t\t<\/div>\n\t\t\t\t\t<\/div>\n\t\t<\/section>\n\t\t\t\t<section class=\"elementor-section elementor-top-section elementor-element elementor-element-0caf8a7 elementor-section-boxed elementor-section-height-default elementor-section-height-default qodef-elementor-content-no\" data-id=\"0caf8a7\" data-element_type=\"section\">\n\t\t\t\t\t\t<div class=\"elementor-container elementor-column-gap-default\">\n\t\t\t\t\t<div class=\"elementor-column elementor-col-100 elementor-top-column elementor-element elementor-element-705eb05\" data-id=\"705eb05\" data-element_type=\"column\">\n\t\t\t<div class=\"elementor-widget-wrap elementor-element-populated\">\n\t\t\t\t\t\t<div class=\"elementor-element elementor-element-c45c15a elementor-widget elementor-widget-text-editor\" data-id=\"c45c15a\" data-element_type=\"widget\" data-widget_type=\"text-editor.default\">\n\t\t\t\t<div class=\"elementor-widget-container\">\n\t\t\t\t\t\t\t\t\t<p class=\"cvGsUA direction-ltr align-justify para-style-body\" style=\"text-align: right;\"><span class=\"OYPEnA text-decoration-underline text-strikethrough-none\"><img fetchpriority=\"high\" decoding=\"async\" class=\" wp-image-9881 alignright\" src=\"https:\/\/laotrabelleza.com\/wp-content\/uploads\/2023\/10\/mathew-schwartz-7OHXqcsyVYU-unsplash-205x300.jpg\" alt=\"\" width=\"343\" height=\"501\" srcset=\"https:\/\/laotrabelleza.com\/wp-content\/uploads\/2023\/10\/mathew-schwartz-7OHXqcsyVYU-unsplash-205x300.jpg 205w, https:\/\/laotrabelleza.com\/wp-content\/uploads\/2023\/10\/mathew-schwartz-7OHXqcsyVYU-unsplash-600x877.jpg 600w, https:\/\/laotrabelleza.com\/wp-content\/uploads\/2023\/10\/mathew-schwartz-7OHXqcsyVYU-unsplash-700x1024.jpg 700w, https:\/\/laotrabelleza.com\/wp-content\/uploads\/2023\/10\/mathew-schwartz-7OHXqcsyVYU-unsplash-768x1123.jpg 768w, https:\/\/laotrabelleza.com\/wp-content\/uploads\/2023\/10\/mathew-schwartz-7OHXqcsyVYU-unsplash-1051x1536.jpg 1051w, https:\/\/laotrabelleza.com\/wp-content\/uploads\/2023\/10\/mathew-schwartz-7OHXqcsyVYU-unsplash.jpg 1368w\" sizes=\"(max-width: 343px) 100vw, 343px\" \/><br \/><\/span><\/p><p class=\"cvGsUA direction-ltr align-justify para-style-body\" style=\"text-align: right;\">\u00a0<\/p><p class=\"cvGsUA direction-ltr align-justify para-style-body\"><span style=\"text-decoration: underline;\"><strong><span class=\"OYPEnA text-decoration-none text-strikethrough-none\">Lympho Drainage by Yvette Pons:\u00a0<\/span><\/strong><\/span><\/p><p class=\"cvGsUA direction-ltr align-justify para-style-body\" style=\"text-align: justify;\"><span class=\"OYPEnA text-decoration-none text-strikethrough-none\">Tratamiento integral de la piel especialmente indicado para combatir el envejecimiento prematuro, la formaci\u00f3n de radicales libres, deterioro celular y desequilibrios en el manto hidrolip\u00eddico que combina los m\u00e1s sofisticados activos naturales, para lograr una tez visiblemente m\u00e1s uniforme, equilibrada, en\u00e9rgica y profundamente hidratada.<\/span><\/p><p class=\"cvGsUA direction-ltr align-justify para-style-body\" style=\"text-align: justify;\"><span class=\"OYPEnA text-decoration-none text-strikethrough-none\">La combinaci\u00f3n de los productos de <\/span><span class=\"OYPEnA text-decoration-none text-strikethrough-none\">Sublime Oils <\/span><span class=\"OYPEnA text-decoration-none text-strikethrough-none\">con la t\u00e9cnica de drenaje linf\u00e1tico manual de Yvette Pons, garantiza no s\u00f3lo la reestructuraci\u00f3n y equilibrio de los tejidos m\u00e1s superficiales, sino una mejora desde el interior, desintoxicando, favoreciendo la eliminaci\u00f3n de todos los l\u00edquidos estancados, activando todo el metabolismo y eliminando la acidez celular. Tambi\u00e9n est\u00e1 indicado para piel grasa, acn\u00e9ica, con cicatrices, al\u00edpica<\/span> <span class=\"OYPEnA text-decoration-none text-strikethrough-none\">o deshidratada.<\/span><\/p><div><p><span style=\"text-decoration: underline;\"><strong>Face Wood Therapy by Naira Aguirre:<\/strong><\/span><\/p><p style=\"text-align: justify;\">La t\u00e9cnica hol\u00edstica face Wood therapy combina distintas t\u00e9cnicas derivadas de disciplinas como la maderoterapia facial, el drenaje linf\u00e1tico manual T\u00e1naka, la reflexolog\u00eda facial y el masaje aromaterap\u00e9utico en un tratamiento muy placentero y de efectos profundos en la persona tanto a nivel f\u00edsico, mental, emocional y espiritual. A nivel f\u00edsico va a mejorar la circulaci\u00f3n sangu\u00ednea y linf\u00e1tica, oxigenando los tejidos as\u00ed como a activar la producci\u00f3n de col\u00e1geno y elastina revitalizando, reafirmando y tonificando el rostro, cuello y escote. Se consigue una visible elevaci\u00f3n de p\u00f3mulos y p\u00e1rpados, as\u00ed como una reducci\u00f3n de la grasa localizada de la zona submentoniana. Este tratamiento est\u00e1 indicado para todo tipo de pieles.\u00a0<\/p><div><p><span style=\"text-decoration: underline;\"><strong>Toning roulage by Yvette Pons:<\/strong><\/span><\/p><p style=\"text-align: justify;\">Debido al paso de los a\u00f1os, la postura y la tensi\u00f3n se endurecen provocando fibrosis y por tanto, un pobre riego sangu\u00edneo y linf\u00e1tico en la zona. Esto se traduce en acumulaci\u00f3n de toxinas y falta de oxigenaci\u00f3n del tejido con el consiguiente empeoramiento de la calidad de la piel. Este tratamiento trabaja toda la cadena muscular comprendida entre el escote y la frente para relajar, desenganchar y despegar los tejidos impregnados en la estructura \u00f3sea aportando luminosidad, hidrataci\u00f3n, tonificaci\u00f3n y belleza a la piel.<\/p><\/div><\/div>\t\t\t\t\t\t\t\t<\/div>\n\t\t\t\t<\/div>\n\t\t\t\t\t<\/div>\n\t\t<\/div>\n\t\t\t\t\t<\/div>\n\t\t<\/section>\n\t\t\t\t<\/div>\n\t\t","protected":false},"excerpt":{"rendered":"<p>TRATAMIENTOS DE AUTOR Experiencias creadas por las mejores profesionales del sector de la belleza y el bienestar. \u00a0 Lympho Drainage by Yvette Pons:\u00a0 Tratamiento integral de la piel especialmente indicado para combatir el envejecimiento prematuro, la formaci\u00f3n de radicales libres, deterioro celular y desequilibrios en el manto hidrolip\u00eddico que combina los m\u00e1s sofisticados activos naturales, [&hellip;]<\/p>\n","protected":false},"author":1,"featured_media":0,"parent":0,"menu_order":0,"comment_status":"closed","ping_status":"closed","template":"","meta":{"inline_featured_image":false,"footnotes":""},"_links":{"self":[{"href":"https:\/\/laotrabelleza.com\/index.php\/wp-json\/wp\/v2\/pages\/9910"}],"collection":[{"href":"https:\/\/laotrabelleza.com\/index.php\/wp-json\/wp\/v2\/pages"}],"about":[{"href":"https:\/\/laotrabelleza.com\/index.php\/wp-json\/wp\/v2\/types\/page"}],"author":[{"embeddable":true,"href":"https:\/\/laotrabelleza.com\/index.php\/wp-json\/wp\/v2\/users\/1"}],"replies":[{"embeddable":true,"href":"https:\/\/laotrabelleza.com\/index.php\/wp-json\/wp\/v2\/comments?post=9910"}],"version-history":[{"count":16,"href":"https:\/\/laotrabelleza.com\/index.php\/wp-json\/wp\/v2\/pages\/9910\/revisions"}],"predecessor-version":[{"id":10443,"href":"https:\/\/laotrabelleza.com\/index.php\/wp-json\/wp\/v2\/pages\/9910\/revisions\/10443"}],"wp:attachment":[{"href":"https:\/\/laotrabelleza.com\/index.php\/wp-json\/wp\/v2\/media?parent=9910"}],"curies":[{"name":"wp","href":"https:\/\/api.w.org\/{rel}","templated":true}]}}